{"id":615,"date":"2021-05-12T04:59:14","date_gmt":"2021-05-12T04:59:14","guid":{"rendered":"https:\/\/lmc.pe\/?page_id=615"},"modified":"2023-09-28T17:46:19","modified_gmt":"2023-09-28T17:46:19","slug":"inicio","status":"publish","type":"page","link":"https:\/\/lmc.pe\/","title":{"rendered":"Inicio"},"content":{"rendered":"\n<div class=\"wp-block-uagb-container uagb-block-5eb30625 alignfull uagb-is-root-container\"><div class=\"uagb-container-inner-blocks-wrap\">\n<div data-aos= \"slide-down\" data-aos-duration=\"400\" data-aos-delay=\"0\" data-aos-easing=\"ease\" data-aos-once=\"true\" class=\"wp-block-uagb-info-box uagb-block-86bfadea uagb-infobox__content-wrap  uagb-infobox-icon-above-title uagb-infobox-image-valign-top\"><div class=\"uagb-ifb-content\"><div class=\"uagb-ifb-title-wrap\"><h2 class=\"uagb-ifb-title\">INGENIEROS CIVILES CON UNA S\u00d3LIDA TRAYECTORIA EN EL DISE\u00d1O Y CONSTRUCCI\u00d3N DE PROYECTOS DE INFRAESTRUCTURA Y EDIFICACIONES.&nbsp;<\/h2><\/div><div class=\"uagb-ifb-button-wrapper wp-block-button\"><a href=\"mailto:info@lmc.pe\" class=\"uagb-infobox-cta-link wp-block-button__link\" target=\"_blank\" rel=\"noopener noreferrer\" onclick=\"return true;\" alt=\"\"><span class=\"uagb-inline-editing\">Info@lmc.pe<\/span><\/a><\/div><\/div><\/div>\n<\/div><\/div>\n\n\n\n<div class=\"wp-block-uagb-container uag-hide-mob uagb-block-a092f3b9 alignfull uagb-is-root-container\"><div class=\"uagb-container-inner-blocks-wrap\"><\/div><\/div>\n\n\n\n<p><\/p>\n\n\n\n<h2 class=\"wp-block-heading has-text-align-center has-ast-global-color-2-color has-text-color\" style=\"font-size:29px;font-style:normal;font-weight:500\">NOS HEMOS ESPECIALIZADO EN DIVERSOS SECTORES, QUE INCLUYEN <strong>SALUD, EDUCACI\u00d3N, INDUSTRIA, HOTELER\u00cdA, RETAIL, TRANSPORTE, ENERG\u00cdA Y MEDIO AMBIENTE.<\/strong> NUESTRA AMPLIA EXPERIENCIA EN ESTAS \u00c1REAS NOS RESPALDA, LO QUE NOS CAPACITA PARA LOGRAR RESULTADOS EXCEPCIONALES EN CADA PROYECTO QUE EMPRENDEMOS. NUESTRA PRINCIPAL FORTALEZA RADICA EN PROPORCIONAR SOLUCIONES INTEGRALES DE LA M\u00c1S ALTA CALIDAD. <\/h2>\n\n\n\n<div data-aos= \"fade-right\" data-aos-duration=\"400\" data-aos-delay=\"0\" data-aos-easing=\"ease\" data-aos-once=\"true\" class=\"wp-block-uagb-slider uagb-block-5e389823 uagb-slider-container\"><div class=\"uagb-slides uagb-swiper\"><div class=\"swiper-wrapper\">\n<div class=\"wp-block-uagb-slider-child uagb-slider-child-wrap swiper-slide uagb-block-a305495e\"><div class=\"swiper-content\">\n<div class=\"wp-block-uagb-container uagb-block-02088b82 alignfull uagb-is-root-container\"><div class=\"uagb-container-inner-blocks-wrap\">\n<div class=\"wp-block-group is-nowrap is-layout-flex wp-container-core-group-is-layout-6c531013 wp-block-group-is-layout-flex\">\n<div class=\"wp-block-uagb-info-box uagb-block-05cc4b13 uagb-infobox__content-wrap  uagb-infobox-icon-above-title uagb-infobox-image-valign-top\"><div class=\"uagb-ifb-content\"><div class=\"uagb-ifb-title-wrap\"><\/div><\/div><\/div>\n<\/div>\n<\/div><\/div>\n\n\n\n<div class=\"wp-block-cover is-light has-small-font-size\"><span aria-hidden=\"true\" class=\"wp-block-cover__background has-background-dim\"><\/span><img loading=\"lazy\" decoding=\"async\" width=\"1024\" height=\"576\" class=\"wp-block-cover__image-background wp-image-648\" alt=\"DISE\u00d1O ESTRUCTURAL\" src=\"https:\/\/lmc.pe\/wp-content\/uploads\/2023\/08\/construction-drawing-engineering-2682641-1024x576.jpg\" data-object-fit=\"cover\" srcset=\"https:\/\/lmc.pe\/wp-content\/uploads\/2023\/08\/construction-drawing-engineering-2682641-1024x576.jpg 1024w, https:\/\/lmc.pe\/wp-content\/uploads\/2023\/08\/construction-drawing-engineering-2682641-300x169.jpg 300w, https:\/\/lmc.pe\/wp-content\/uploads\/2023\/08\/construction-drawing-engineering-2682641-768x432.jpg 768w, https:\/\/lmc.pe\/wp-content\/uploads\/2023\/08\/construction-drawing-engineering-2682641.jpg 1280w\" sizes=\"auto, (max-width: 1024px) 100vw, 1024px\" \/><div class=\"wp-block-cover__inner-container is-layout-flow wp-block-cover-is-layout-flow\">\n<p class=\"has-text-align-center has-ast-global-color-2-color has-text-color has-medium-font-size\">DISE\u00d1O ESTRUCTURAL<\/p>\n<\/div><\/div>\n<\/div><\/div>\n\n\n\n<div class=\"wp-block-uagb-slider-child uagb-slider-child-wrap swiper-slide uagb-block-a4c5d599\"><div class=\"swiper-content\">\n<div class=\"wp-block-uagb-container uagb-block-872f5670 alignfull uagb-is-root-container\"><div class=\"uagb-container-inner-blocks-wrap\">\n<div class=\"wp-block-group is-nowrap is-layout-flex wp-container-core-group-is-layout-6c531013 wp-block-group-is-layout-flex\">\n<div class=\"wp-block-uagb-info-box uagb-block-11717817 uagb-infobox__content-wrap  uagb-infobox-icon-above-title uagb-infobox-image-valign-top\"><div class=\"uagb-ifb-content\"><div class=\"uagb-ifb-title-wrap\"><\/div><\/div><\/div>\n<\/div>\n<\/div><\/div>\n\n\n\n<div class=\"wp-block-cover is-light has-small-font-size\"><span aria-hidden=\"true\" class=\"wp-block-cover__background has-background-dim\"><\/span><img loading=\"lazy\" decoding=\"async\" width=\"1280\" height=\"450\" class=\"wp-block-cover__image-background wp-image-704\" alt=\"LMC INFO@LMC.PE\" src=\"https:\/\/lmc.pe\/wp-content\/uploads\/2023\/08\/LMC-INFO@LMC.PE_.jpg\" data-object-fit=\"cover\" srcset=\"https:\/\/lmc.pe\/wp-content\/uploads\/2023\/08\/LMC-INFO@LMC.PE_.jpg 1280w, https:\/\/lmc.pe\/wp-content\/uploads\/2023\/08\/LMC-INFO@LMC.PE_-300x105.jpg 300w, https:\/\/lmc.pe\/wp-content\/uploads\/2023\/08\/LMC-INFO@LMC.PE_-1024x360.jpg 1024w, https:\/\/lmc.pe\/wp-content\/uploads\/2023\/08\/LMC-INFO@LMC.PE_-768x270.jpg 768w\" sizes=\"auto, (max-width: 1280px) 100vw, 1280px\" \/><div class=\"wp-block-cover__inner-container is-layout-flow wp-block-cover-is-layout-flow\">\n<p class=\"has-text-align-center has-ast-global-color-2-color has-text-color has-medium-font-size\">DISE\u00d1O ESTRUCTURAL<\/p>\n<\/div><\/div>\n<\/div><\/div>\n\n\n\n<div class=\"wp-block-uagb-slider-child uagb-slider-child-wrap swiper-slide uagb-block-7e32b447\"><div class=\"swiper-content\">\n<div class=\"wp-block-uagb-container uagb-block-8b0bc9c1 alignfull uagb-is-root-container\"><div class=\"uagb-container-inner-blocks-wrap\">\n<div class=\"wp-block-uagb-info-box uagb-block-16294e6a uagb-infobox__content-wrap  uagb-infobox-icon-above-title uagb-infobox-image-valign-top\"><div class=\"uagb-ifb-content\"><div class=\"uagb-ifb-title-wrap\"><\/div><\/div><\/div>\n<\/div><\/div>\n\n\n\n<div class=\"wp-block-cover\"><span aria-hidden=\"true\" class=\"wp-block-cover__background has-background-dim\"><\/span><img loading=\"lazy\" decoding=\"async\" width=\"1024\" height=\"768\" class=\"wp-block-cover__image-background wp-image-638\" alt=\"LMC CONSTRUCCION &amp; INGENIERIA\" src=\"https:\/\/lmc.pe\/wp-content\/uploads\/2023\/08\/IMG-20180823-WA0051-1024x768.jpg\" data-object-fit=\"cover\" srcset=\"https:\/\/lmc.pe\/wp-content\/uploads\/2023\/08\/IMG-20180823-WA0051-1024x768.jpg 1024w, https:\/\/lmc.pe\/wp-content\/uploads\/2023\/08\/IMG-20180823-WA0051-300x225.jpg 300w, https:\/\/lmc.pe\/wp-content\/uploads\/2023\/08\/IMG-20180823-WA0051-768x576.jpg 768w, https:\/\/lmc.pe\/wp-content\/uploads\/2023\/08\/IMG-20180823-WA0051.jpg 1032w\" sizes=\"auto, (max-width: 1024px) 100vw, 1024px\" \/><div class=\"wp-block-cover__inner-container is-layout-flow wp-block-cover-is-layout-flow\">\n<p class=\"has-text-align-center has-ast-global-color-2-color has-text-color has-medium-font-size\">CONSTRUCCI\u00d3N Y SUPERVISI\u00d3N DE OBRAS<\/p>\n<\/div><\/div>\n<\/div><\/div>\n\n\n\n<div class=\"wp-block-uagb-slider-child uagb-slider-child-wrap swiper-slide uagb-block-22764eb5\"><div class=\"swiper-content\">\n<div class=\"wp-block-uagb-container uagb-block-734cedb1 alignfull uagb-is-root-container\"><div class=\"uagb-container-inner-blocks-wrap\">\n<div class=\"wp-block-uagb-info-box uagb-block-3c043795 uagb-infobox__content-wrap  uagb-infobox-icon-above-title uagb-infobox-image-valign-top\"><div class=\"uagb-ifb-content\"><div class=\"uagb-ifb-title-wrap\"><\/div><\/div><\/div>\n<\/div><\/div>\n\n\n\n<div class=\"wp-block-cover\"><span aria-hidden=\"true\" class=\"wp-block-cover__background has-background-dim\"><\/span><img loading=\"lazy\" decoding=\"async\" width=\"1024\" height=\"682\" class=\"wp-block-cover__image-background wp-image-677\" alt=\"engineer, engineering, structural engineer-4925129.jpg\" src=\"https:\/\/lmc.pe\/wp-content\/uploads\/2023\/08\/engineer-engineering-structural-engineer-4925129-1024x682.jpg\" data-object-fit=\"cover\" srcset=\"https:\/\/lmc.pe\/wp-content\/uploads\/2023\/08\/engineer-engineering-structural-engineer-4925129-1024x682.jpg 1024w, https:\/\/lmc.pe\/wp-content\/uploads\/2023\/08\/engineer-engineering-structural-engineer-4925129-300x200.jpg 300w, https:\/\/lmc.pe\/wp-content\/uploads\/2023\/08\/engineer-engineering-structural-engineer-4925129-768x512.jpg 768w, https:\/\/lmc.pe\/wp-content\/uploads\/2023\/08\/engineer-engineering-structural-engineer-4925129.jpg 1280w\" sizes=\"auto, (max-width: 1024px) 100vw, 1024px\" \/><div class=\"wp-block-cover__inner-container is-layout-flow wp-block-cover-is-layout-flow\">\n<p class=\"has-text-align-center has-ast-global-color-2-color has-text-color has-medium-font-size\">EVALUACI\u00d3N ESTRUCTURAL<\/p>\n<\/div><\/div>\n<\/div><\/div>\n\n\n\n<div class=\"wp-block-uagb-slider-child uagb-slider-child-wrap swiper-slide uagb-block-fdda4911\"><div class=\"swiper-content\">\n<div class=\"wp-block-uagb-container uagb-block-48b6b4c4 alignfull uagb-is-root-container\"><div class=\"uagb-container-inner-blocks-wrap\">\n<div class=\"wp-block-uagb-info-box uagb-block-ee95612a uagb-infobox__content-wrap  uagb-infobox-icon-above-title uagb-infobox-image-valign-top\"><div class=\"uagb-ifb-content\"><div class=\"uagb-ifb-title-wrap\"><\/div><\/div><\/div>\n<\/div><\/div>\n\n\n\n<div class=\"wp-block-cover\"><span aria-hidden=\"true\" class=\"wp-block-cover__background has-background-dim\"><\/span><img loading=\"lazy\" decoding=\"async\" width=\"1024\" height=\"682\" class=\"wp-block-cover__image-background wp-image-649\" alt=\"INSPECCI\u00d3N DE INFRAESTRUCTURAS\" src=\"https:\/\/lmc.pe\/wp-content\/uploads\/2023\/08\/people-tablet-ipad-2576803-1024x682.jpg\" data-object-fit=\"cover\" srcset=\"https:\/\/lmc.pe\/wp-content\/uploads\/2023\/08\/people-tablet-ipad-2576803-1024x682.jpg 1024w, https:\/\/lmc.pe\/wp-content\/uploads\/2023\/08\/people-tablet-ipad-2576803-300x200.jpg 300w, https:\/\/lmc.pe\/wp-content\/uploads\/2023\/08\/people-tablet-ipad-2576803-768x512.jpg 768w, https:\/\/lmc.pe\/wp-content\/uploads\/2023\/08\/people-tablet-ipad-2576803.jpg 1280w\" sizes=\"auto, (max-width: 1024px) 100vw, 1024px\" \/><div class=\"wp-block-cover__inner-container is-layout-flow wp-block-cover-is-layout-flow\">\n<p class=\"has-text-align-center has-ast-global-color-2-color has-text-color has-medium-font-size\">INSPECCI\u00d3N DE INFRAESTRUCTURAS<\/p>\n<\/div><\/div>\n<\/div><\/div>\n\n\n\n<div class=\"wp-block-uagb-slider-child uagb-slider-child-wrap swiper-slide uagb-block-4165a033\"><div class=\"swiper-content\">\n<div class=\"wp-block-uagb-container uagb-block-71566905 alignfull uagb-is-root-container\"><div class=\"uagb-container-inner-blocks-wrap\">\n<div class=\"wp-block-uagb-info-box uagb-block-b2a5318f uagb-infobox__content-wrap  uagb-infobox-icon-above-title uagb-infobox-image-valign-top\"><div class=\"uagb-ifb-content\"><div class=\"uagb-ifb-title-wrap\"><\/div><\/div><\/div>\n<\/div><\/div>\n\n\n\n<div class=\"wp-block-cover\"><span aria-hidden=\"true\" class=\"wp-block-cover__background has-background-dim\"><\/span><img loading=\"lazy\" decoding=\"async\" width=\"1024\" height=\"683\" class=\"wp-block-cover__image-background wp-image-678\" alt=\"engineer, engineering, structural engineer-4925140.jpg\" src=\"https:\/\/lmc.pe\/wp-content\/uploads\/2023\/08\/engineer-engineering-structural-engineer-4925140-1024x683.jpg\" data-object-fit=\"cover\" srcset=\"https:\/\/lmc.pe\/wp-content\/uploads\/2023\/08\/engineer-engineering-structural-engineer-4925140-1024x683.jpg 1024w, https:\/\/lmc.pe\/wp-content\/uploads\/2023\/08\/engineer-engineering-structural-engineer-4925140-300x200.jpg 300w, https:\/\/lmc.pe\/wp-content\/uploads\/2023\/08\/engineer-engineering-structural-engineer-4925140-768x512.jpg 768w, https:\/\/lmc.pe\/wp-content\/uploads\/2023\/08\/engineer-engineering-structural-engineer-4925140.jpg 1280w\" sizes=\"auto, (max-width: 1024px) 100vw, 1024px\" \/><div class=\"wp-block-cover__inner-container is-layout-flow wp-block-cover-is-layout-flow\">\n<p class=\"has-text-align-center has-ast-global-color-2-color has-text-color has-medium-font-size\">DISE\u00d1O ESTRUCTURAL<\/p>\n<\/div><\/div>\n<\/div><\/div>\n\n\n\n<div class=\"wp-block-uagb-slider-child uagb-slider-child-wrap swiper-slide uagb-block-9181419a\"><div class=\"swiper-content\">\n<div class=\"wp-block-uagb-container uagb-block-0715a552 alignfull uagb-is-root-container\"><div class=\"uagb-container-inner-blocks-wrap\">\n<div class=\"wp-block-uagb-info-box uagb-block-0141cab0 uagb-infobox__content-wrap  uagb-infobox-icon-above-title uagb-infobox-image-valign-top\"><div class=\"uagb-ifb-content\"><div class=\"uagb-ifb-title-wrap\"><\/div><\/div><\/div>\n<\/div><\/div>\n\n\n\n<div class=\"wp-block-cover is-light\"><span aria-hidden=\"true\" class=\"wp-block-cover__background has-background-dim\"><\/span><img loading=\"lazy\" decoding=\"async\" width=\"1024\" height=\"360\" class=\"wp-block-cover__image-background wp-image-680\" alt=\"\" src=\"https:\/\/lmc.pe\/wp-content\/uploads\/2023\/08\/GEOMATICA-1024x360.jpg\" data-object-fit=\"cover\" srcset=\"https:\/\/lmc.pe\/wp-content\/uploads\/2023\/08\/GEOMATICA-1024x360.jpg 1024w, https:\/\/lmc.pe\/wp-content\/uploads\/2023\/08\/GEOMATICA-300x105.jpg 300w, https:\/\/lmc.pe\/wp-content\/uploads\/2023\/08\/GEOMATICA-768x270.jpg 768w, https:\/\/lmc.pe\/wp-content\/uploads\/2023\/08\/GEOMATICA.jpg 1280w\" sizes=\"auto, (max-width: 1024px) 100vw, 1024px\" \/><div class=\"wp-block-cover__inner-container is-layout-flow wp-block-cover-is-layout-flow\">\n<p class=\"has-text-align-center has-ast-global-color-2-color has-text-color has-medium-font-size\">INSPECCI\u00d3N CON DRONES<\/p>\n<\/div><\/div>\n<\/div><\/div>\n\n\n\n<div class=\"wp-block-uagb-slider-child uagb-slider-child-wrap swiper-slide uagb-block-68e5c0f5\"><div class=\"swiper-content\">\n<div class=\"wp-block-uagb-container uagb-block-170b64b8 alignfull uagb-is-root-container\"><div class=\"uagb-container-inner-blocks-wrap\">\n<div class=\"wp-block-uagb-info-box uagb-block-8da81257 uagb-infobox__content-wrap  uagb-infobox-icon-above-title uagb-infobox-image-valign-top\"><div class=\"uagb-ifb-content\"><div class=\"uagb-ifb-title-wrap\"><\/div><\/div><\/div>\n<\/div><\/div>\n\n\n\n<div class=\"wp-block-cover is-light uag-hide-mob\"><span aria-hidden=\"true\" class=\"wp-block-cover__background has-background-dim\"><\/span><img loading=\"lazy\" decoding=\"async\" width=\"940\" height=\"788\" class=\"wp-block-cover__image-background wp-image-681\" alt=\"\" src=\"https:\/\/lmc.pe\/wp-content\/uploads\/2023\/08\/Diseno-sin-titulo-1.jpg\" style=\"object-position:73% 13%\" data-object-fit=\"cover\" data-object-position=\"73% 13%\" srcset=\"https:\/\/lmc.pe\/wp-content\/uploads\/2023\/08\/Diseno-sin-titulo-1.jpg 940w, https:\/\/lmc.pe\/wp-content\/uploads\/2023\/08\/Diseno-sin-titulo-1-300x251.jpg 300w, https:\/\/lmc.pe\/wp-content\/uploads\/2023\/08\/Diseno-sin-titulo-1-768x644.jpg 768w\" sizes=\"auto, (max-width: 940px) 100vw, 940px\" \/><div class=\"wp-block-cover__inner-container is-layout-flow wp-block-cover-is-layout-flow\">\n<p class=\"has-text-align-center has-ast-global-color-2-color has-text-color has-medium-font-size\">INSPECCI\u00d3N DE INFRAESTRUCTURAS<\/p>\n<\/div><\/div>\n<\/div><\/div>\n<\/div><\/div><div class=\"swiper-pagination\"><\/div><div class=\"swiper-button-prev\"><\/div><div class=\"swiper-button-next\"><\/div><\/div>\n\n\n\n<p><\/p>\n","protected":false},"excerpt":{"rendered":"<p>NOS HEMOS ESPECIALIZADO EN DIVERSOS SECTORES, QUE INCLUYEN SALUD, EDUCACI\u00d3N, INDUSTRIA, HOTELER\u00cdA, RETAIL, TRANSPORTE, ENERG\u00cdA Y MEDIO AMBIENTE. NUESTRA AMPLIA EXPERIENCIA EN ESTAS \u00c1REAS NOS RESPALDA, LO QUE NOS CAPACITA PARA LOGRAR RESULTADOS EXCEPCIONALES EN CADA PROYECTO QUE EMPRENDEMOS. NUESTRA PRINCIPAL FORTALEZA RADICA EN PROPORCIONAR SOLUCIONES INTEGRALES DE LA M\u00c1S ALTA CALIDAD.<\/p>\n","protected":false},"author":1,"featured_media":0,"parent":0,"menu_order":0,"comment_status":"closed","ping_status":"closed","template":"","meta":{"_uag_custom_page_level_css":"","site-sidebar-layout":"no-sidebar","site-content-layout":"plain-container","ast-site-content-layout":"normal-width-container","site-content-style":"unboxed","site-sidebar-style":"unboxed","ast-global-header-display":"","ast-banner-title-visibility":"","ast-main-header-display":"","ast-hfb-above-header-display":"","ast-hfb-below-header-display":"","ast-hfb-mobile-header-display":"","site-post-title":"disabled","ast-breadcrumbs-content":"","ast-featured-img":"","footer-sml-layout":"","ast-disable-related-posts":"","theme-transparent-header-meta":"enabled","adv-header-id-meta":"","stick-header-meta":"","header-above-stick-meta":"","header-main-stick-meta":"","header-below-stick-meta":"","astra-migrate-meta-layouts":"set","ast-page-background-enabled":"default","ast-page-background-meta":{"desktop":{"background-color":"var(--ast-global-color-4)","background-image":"","background-repeat":"repeat","background-position":"center center","background-size":"auto","background-attachment":"scroll","background-type":"","background-media":"","overlay-type":"","overlay-color":"","overlay-opacity":"","overlay-gradient":""},"tablet":{"background-color":"","background-image":"","background-repeat":"repeat","background-position":"center center","background-size":"auto","background-attachment":"scroll","background-type":"","background-media":"","overlay-type":"","overlay-color":"","overlay-opacity":"","overlay-gradient":""},"mobile":{"background-color":"","background-image":"","background-repeat":"repeat","background-position":"center center","background-size":"auto","background-attachment":"scroll","background-type":"","background-media":"","overlay-type":"","overlay-color":"","overlay-opacity":"","overlay-gradient":""}},"ast-content-background-meta":{"desktop":{"background-color":"var(--ast-global-color-5)","background-image":"","background-repeat":"repeat","background-position":"center center","background-size":"auto","background-attachment":"scroll","background-type":"","background-media":"","overlay-type":"","overlay-color":"","overlay-opacity":"","overlay-gradient":""},"tablet":{"background-color":"var(--ast-global-color-5)","background-image":"","background-repeat":"repeat","background-position":"center center","background-size":"auto","background-attachment":"scroll","background-type":"","background-media":"","overlay-type":"","overlay-color":"","overlay-opacity":"","overlay-gradient":""},"mobile":{"background-color":"var(--ast-global-color-5)","background-image":"","background-repeat":"repeat","background-position":"center center","background-size":"auto","background-attachment":"scroll","background-type":"","background-media":"","overlay-type":"","overlay-color":"","overlay-opacity":"","overlay-gradient":""}},"footnotes":""},"class_list":["post-615","page","type-page","status-publish","hentry"],"uagb_featured_image_src":{"full":false,"thumbnail":false,"medium":false,"medium_large":false,"large":false,"1536x1536":false,"2048x2048":false},"uagb_author_info":{"display_name":"admin","author_link":"https:\/\/lmc.pe\/?author=1"},"uagb_comment_info":0,"uagb_excerpt":"NOS HEMOS ESPECIALIZADO EN DIVERSOS SECTORES, QUE INCLUYEN SALUD, EDUCACI\u00d3N, INDUSTRIA, HOTELER\u00cdA, RETAIL, TRANSPORTE, ENERG\u00cdA Y MEDIO AMBIENTE. NUESTRA AMPLIA EXPERIENCIA EN ESTAS \u00c1REAS NOS RESPALDA, LO QUE NOS CAPACITA PARA LOGRAR RESULTADOS EXCEPCIONALES EN CADA PROYECTO QUE EMPRENDEMOS. NUESTRA PRINCIPAL FORTALEZA RADICA EN PROPORCIONAR SOLUCIONES INTEGRALES DE LA M\u00c1S ALTA CALIDAD.","_links":{"self":[{"href":"https:\/\/lmc.pe\/index.php?rest_route=\/wp\/v2\/pages\/615","targetHints":{"allow":["GET"]}}],"collection":[{"href":"https:\/\/lmc.pe\/index.php?rest_route=\/wp\/v2\/pages"}],"about":[{"href":"https:\/\/lmc.pe\/index.php?rest_route=\/wp\/v2\/types\/page"}],"author":[{"embeddable":true,"href":"https:\/\/lmc.pe\/index.php?rest_route=\/wp\/v2\/users\/1"}],"replies":[{"embeddable":true,"href":"https:\/\/lmc.pe\/index.php?rest_route=%2Fwp%2Fv2%2Fcomments&post=615"}],"version-history":[{"count":19,"href":"https:\/\/lmc.pe\/index.php?rest_route=\/wp\/v2\/pages\/615\/revisions"}],"predecessor-version":[{"id":794,"href":"https:\/\/lmc.pe\/index.php?rest_route=\/wp\/v2\/pages\/615\/revisions\/794"}],"wp:attachment":[{"href":"https:\/\/lmc.pe\/index.php?rest_route=%2Fwp%2Fv2%2Fmedia&parent=615"}],"curies":[{"name":"wp","href":"https:\/\/api.w.org\/{rel}","templated":true}]}}